{"id":1598,"date":"2023-04-20T09:21:28","date_gmt":"2023-04-20T09:21:28","guid":{"rendered":"https:\/\/smvlock.com\/?page_id=1598"},"modified":"2023-05-17T04:12:47","modified_gmt":"2023-05-17T04:12:47","slug":"trang-chu","status":"publish","type":"page","link":"https:\/\/smvlock.com\/","title":{"rendered":"Trang ch\u1ee7"},"content":{"rendered":"<style>\/*! elementor-pro - v3.12.2 - 09-04-2023 *\/\n.elementor-slides .swiper-slide-bg{background-size:cover;background-position:50%;background-repeat:no-repeat;min-width:100%;min-height:100%}.elementor-slides .swiper-slide-inner{background-repeat:no-repeat;background-position:50%;position:absolute;top:0;left:0;bottom:0;right:0;padding:50px;margin:auto}.elementor-slides .swiper-slide-inner,.elementor-slides .swiper-slide-inner:hover{color:#fff;display:flex}.elementor-slides .swiper-slide-inner .elementor-background-overlay{position:absolute;z-index:0;top:0;bottom:0;left:0;right:0}.elementor-slides .swiper-slide-inner .elementor-slide-content{position:relative;z-index:1;width:100%}.elementor-slides .swiper-slide-inner .elementor-slide-heading{font-size:35px;font-weight:700;line-height:1}.elementor-slides .swiper-slide-inner .elementor-slide-description{font-size:17px;line-height:1.4}.elementor-slides .swiper-slide-inner .elementor-slide-description:not(:last-child),.elementor-slides .swiper-slide-inner .elementor-slide-heading:not(:last-child){margin-bottom:30px}.elementor-slides .swiper-slide-inner .elementor-slide-button{border:2px solid #fff;color:#fff;background:transparent;display:inline-block}.elementor-slides .swiper-slide-inner .elementor-slide-button,.elementor-slides .swiper-slide-inner .elementor-slide-button:hover{background:transparent;color:inherit;text-decoration:none}.elementor--v-position-top .swiper-slide-inner{align-items:flex-start}.elementor--v-position-bottom .swiper-slide-inner{align-items:flex-end}.elementor--v-position-middle .swiper-slide-inner{align-items:center}.elementor--h-position-left .swiper-slide-inner{justify-content:flex-start}.elementor--h-position-right .swiper-slide-inner{justify-content:flex-end}.elementor--h-position-center .swiper-slide-inner{justify-content:center}body.rtl .elementor-widget-slides .elementor-swiper-button-next{left:10px;right:auto}body.rtl .elementor-widget-slides .elementor-swiper-button-prev{right:10px;left:auto}.elementor-slides-wrapper div:not(.swiper-slide)>.swiper-slide-inner{display:none}@media (max-width:767px){.elementor-slides .swiper-slide-inner{padding:30px}.elementor-slides .swiper-slide-inner .elementor-slide-heading{font-size:23px;line-height:1;margin-bottom:15px}.elementor-slides .swiper-slide-inner .elementor-slide-description{font-size:13px;line-height:1.4;margin-bottom:15px}}<\/style>\n<p>\t\t\t\t\t\t\t\t\t\t\t\t\t\tPrevious<br \/>\n\t\t\t\t\t\t\t\t\t\t\t\t\t\tNext<\/p>\n<style>\/*! elementor - v3.12.1 - 02-04-2023 *\/\n.elementor-widget-image{text-align:center}.elementor-widget-image a{display:inline-block}.elementor-widget-image a img[src$=\".svg\"]{width:48px}.elementor-widget-image img{vertical-align:middle;display:inline-block}<\/style>\n<p>\t\t\t\t\t\t\t\t\t\t\t\t<img decoding=\"async\" width=\"790\" height=\"960\" src=\"https:\/\/smvlock.com\/wp-content\/uploads\/2023\/04\/xiaomi-smart-door-lock-E10-2.jpeg\" alt=\"\" loading=\"lazy\" srcset=\"https:\/\/smvlock.com\/wp-content\/uploads\/2023\/04\/xiaomi-smart-door-lock-E10-2.jpeg 790w, https:\/\/smvlock.com\/wp-content\/uploads\/2023\/04\/xiaomi-smart-door-lock-E10-2-247x300.jpeg 247w, https:\/\/smvlock.com\/wp-content\/uploads\/2023\/04\/xiaomi-smart-door-lock-E10-2-768x933.jpeg 768w, https:\/\/smvlock.com\/wp-content\/uploads\/2023\/04\/xiaomi-smart-door-lock-E10-2-600x729.jpeg 600w\" sizes=\"auto, (max-width: 790px) 100vw, 790px\" \/>\t\t\t\t\t\t\t\t\t\t\t\t\t\t\t<\/p>\n<style>\/*! elementor - v3.12.1 - 02-04-2023 *\/\n.elementor-heading-title{padding:0;margin:0;line-height:1}.elementor-widget-heading .elementor-heading-title[class*=elementor-size-]>a{color:inherit;font-size:inherit;line-height:inherit}.elementor-widget-heading .elementor-heading-title.elementor-size-small{font-size:15px}.elementor-widget-heading .elementor-heading-title.elementor-size-medium{font-size:19px}.elementor-widget-heading .elementor-heading-title.elementor-size-large{font-size:29px}.elementor-widget-heading .elementor-heading-title.elementor-size-xl{font-size:39px}.elementor-widget-heading .elementor-heading-title.elementor-size-xxl{font-size:59px}<\/style>\n<h2>V\u00ec sao kh\u00e1ch h\u00e0ng lu\u00f4n ch\u1ecdn SMVLock?<br \/>\n<\/h2>\n<style>\/*! elementor - v3.12.1 - 02-04-2023 *\/\n.elementor-widget-divider{--divider-border-style:none;--divider-border-width:1px;--divider-color:#0c0d0e;--divider-icon-size:20px;--divider-element-spacing:10px;--divider-pattern-height:24px;--divider-pattern-size:20px;--divider-pattern-url:none;--divider-pattern-repeat:repeat-x}.elementor-widget-divider .elementor-divider{display:flex}.elementor-widget-divider .elementor-divider__text{font-size:15px;line-height:1;max-width:95%}.elementor-widget-divider .elementor-divider__element{margin:0 var(--divider-element-spacing);flex-shrink:0}.elementor-widget-divider .elementor-icon{font-size:var(--divider-icon-size)}.elementor-widget-divider .elementor-divider-separator{display:flex;margin:0;direction:ltr}.elementor-widget-divider--view-line_icon .elementor-divider-separator,.elementor-widget-divider--view-line_text .elementor-divider-separator{align-items:center}.elementor-widget-divider--view-line_icon .elementor-divider-separator:after,.elementor-widget-divider--view-line_icon .elementor-divider-separator:before,.elementor-widget-divider--view-line_text .elementor-divider-separator:after,.elementor-widget-divider--view-line_text .elementor-divider-separator:before{display:block;content:\"\";border-bottom:0;flex-grow:1;border-top:var(--divider-border-width) var(--divider-border-style) var(--divider-color)}.elementor-widget-divider--element-align-left .elementor-divider .elementor-divider-separator>.elementor-divider__svg:first-of-type{flex-grow:0;flex-shrink:100}.elementor-widget-divider--element-align-left .elementor-divider-separator:before{content:none}.elementor-widget-divider--element-align-left .elementor-divider__element{margin-left:0}.elementor-widget-divider--element-align-right .elementor-divider .elementor-divider-separator>.elementor-divider__svg:last-of-type{flex-grow:0;flex-shrink:100}.elementor-widget-divider--element-align-right .elementor-divider-separator:after{content:none}.elementor-widget-divider--element-align-right .elementor-divider__element{margin-right:0}.elementor-widget-divider:not(.elementor-widget-divider--view-line_text):not(.elementor-widget-divider--view-line_icon) .elementor-divider-separator{border-top:var(--divider-border-width) var(--divider-border-style) var(--divider-color)}.elementor-widget-divider--separator-type-pattern{--divider-border-style:none}.elementor-widget-divider--separator-type-pattern.elementor-widget-divider--view-line .elementor-divider-separator,.elementor-widget-divider--separator-type-pattern:not(.elementor-widget-divider--view-line) .elementor-divider-separator:after,.elementor-widget-divider--separator-type-pattern:not(.elementor-widget-divider--view-line) .elementor-divider-separator:before,.elementor-widget-divider--separator-type-pattern:not([class*=elementor-widget-divider--view]) .elementor-divider-separator{width:100%;min-height:var(--divider-pattern-height);-webkit-mask-size:var(--divider-pattern-size) 100%;mask-size:var(--divider-pattern-size) 100%;-webkit-mask-repeat:var(--divider-pattern-repeat);mask-repeat:var(--divider-pattern-repeat);background-color:var(--divider-color);-webkit-mask-image:var(--divider-pattern-url);mask-image:var(--divider-pattern-url)}.elementor-widget-divider--no-spacing{--divider-pattern-size:auto}.elementor-widget-divider--bg-round{--divider-pattern-repeat:round}.rtl .elementor-widget-divider .elementor-divider__text{direction:rtl}.e-con-inner>.elementor-widget-divider,.e-con>.elementor-widget-divider{width:var(--container-widget-width,100%);--flex-grow:var(--container-widget-flex-grow)}<\/style>\n<ul>\n<li>Kh\u00f3a \u0111i\u1ec7n t\u1eed SMVLock l\u00e0 th\u01b0\u01a1ng hi\u1ec7u b\u00e1n ch\u1ea1y nh\u1ea5t th\u1ecb tr\u01b0\u1eddng<\/li>\n<li>Ch\u1ed1ng ch\u00e1y 120 ph\u00fat \u0111\u1ea7u ti\u00ean t\u1ea1i Vi\u1ec7t Nam<\/li>\n<li>Gi\u00e1 th\u00e0nh ph\u00f9 h\u1ee3p cho t\u1eebng gia \u0111\u00ecnh vi\u1ec7t<\/li>\n<li>B\u1ea3o m\u1eadt cao t\u1eeb c\u00f4ng ngh\u1ec7 Australia<\/li>\n<li>T\u01b0\u01a1ng th\u00edch v\u00e0 t\u00edch h\u1ee3p ho\u00e0n h\u1ea3o cho smarthome hi\u1ec7n \u0111\u1ea1i<\/li>\n<li>B\u1ec1n b\u1ec9 theo th\u1eddi gian \u2013 B\u1ea3o h\u00e0nh 2 n\u0103m<\/li>\n<li>L\u1eafp \u0111\u1eb7t v\u00e0 s\u1eeda ch\u1eefa t\u1eadn nh\u00e0<\/li>\n<\/ul>\n<p>\t\t\t<a href=\"https:\/\/smvlock.com\/gioi-thieu-chung\/\" role=\"button\"><br \/>\n\t\t\t\t\t\tT\u00ecm hi\u1ec3u th\u00eam<br \/>\n\t\t\t\t\t<\/a><\/p>\n<style>\/*! elementor - v3.12.1 - 02-04-2023 *\/\n.elementor-counter .elementor-counter-number-wrapper{display:flex;font-size:69px;font-weight:600;line-height:1}.elementor-counter .elementor-counter-number-prefix,.elementor-counter .elementor-counter-number-suffix{flex-grow:1;white-space:pre-wrap}.elementor-counter .elementor-counter-number-prefix{text-align:right}.elementor-counter .elementor-counter-number-suffix{text-align:left}.elementor-counter .elementor-counter-title{text-align:center;font-size:19px;font-weight:400;line-height:2.5}<\/style>\n<p>\t\t\t\t0<br \/>\n\t\t\t\t+<br \/>\n\t\t\t\t\t\t\tKh\u00f3a \u0111\u00e3 b\u00e1n ra<br \/>\n\t\t\t\t0<br \/>\n\t\t\t\t+<br \/>\n\t\t\t\t\t\t\tD\u1ef1 \u00e1n th\u00e0nh c\u00f4ng<br \/>\n\t\t\t\t0<br \/>\n\t\t\t\t+<br \/>\n\t\t\t\t\t\t\t\u0110\u1ea1i l\u00fd b\u00e1n h\u00e0ng<br \/>\n\t\t\t\t0<br \/>\n\t\t\t\t+<br \/>\n\t\t\t\t\t\t\tn\u0103m kinh nghi\u1ec7m<\/p>\n<h2>S\u1ea3n ph\u1ea9m n\u1ed5i b\u1eadt<br \/>\n<\/h2>\n<p>\t\t\t<a href=\"https:\/\/smvlock.com\/shop\/\" role=\"button\"><br \/>\n\t\t\t\t\t\tXem t\u1ea5t c\u1ea3<br \/>\n\t\t\t\t\t<\/a><\/p>\n<h2>D\u1ef1 \u00e1n n\u1ed5i b\u1eadt<br \/>\n<\/h2>\n<h2>\u0110\u1ed1i t\u00e1c n\u1ed5i b\u1eadt<br \/>\n<\/h2>\n<style>\/*! elementor - v3.12.1 - 02-04-2023 *\/\n.elementor-widget-image-carousel .swiper,.elementor-widget-image-carousel .swiper-container{position:static}.elementor-widget-image-carousel .swiper-container .swiper-slide figure,.elementor-widget-image-carousel .swiper .swiper-slide figure{line-height:inherit}.elementor-widget-image-carousel .swiper-slide{text-align:center}.elementor-image-carousel-wrapper:not(.swiper-container-initialized) .swiper-slide,.elementor-image-carousel-wrapper:not(.swiper-initialized) .swiper-slide{max-width:calc(100% \/ var(--e-image-carousel-slides-to-show, 3))}<\/style>\n<figure><img decoding=\"async\" src=\"https:\/\/smvlock.com\/wp-content\/uploads\/2023\/04\/image_brand_10.webp\" alt=\"image_brand_10\" \/><\/figure>\n<figure><img decoding=\"async\" src=\"https:\/\/smvlock.com\/wp-content\/uploads\/2023\/04\/image_brand_2.webp\" alt=\"image_brand_2\" \/><\/figure>\n<figure><img decoding=\"async\" src=\"https:\/\/smvlock.com\/wp-content\/uploads\/2023\/04\/image_brand_1.webp\" alt=\"image_brand_1\" \/><\/figure>\n<figure><img decoding=\"async\" src=\"https:\/\/smvlock.com\/wp-content\/uploads\/2023\/04\/image_brand_7.webp\" alt=\"image_brand_7\" \/><\/figure>\n<figure><img decoding=\"async\" src=\"https:\/\/smvlock.com\/wp-content\/uploads\/2023\/04\/image_brand_5.webp\" alt=\"image_brand_5\" \/><\/figure>\n<figure><img decoding=\"async\" src=\"https:\/\/smvlock.com\/wp-content\/uploads\/2023\/04\/image_brand_6.webp\" alt=\"image_brand_6\" \/><\/figure>\n","protected":false},"excerpt":{"rendered":"<p>Previous Next V\u00ec sao kh\u00e1ch h\u00e0ng lu\u00f4n ch\u1ecdn SMVLock? Kh\u00f3a \u0111i\u1ec7n t\u1eed SMVLock l\u00e0 th\u01b0\u01a1ng hi\u1ec7u b\u00e1n ch\u1ea1y nh\u1ea5t th\u1ecb tr\u01b0\u1eddng Ch\u1ed1ng ch\u00e1y 120 ph\u00fat \u0111\u1ea7u ti\u00ean t\u1ea1i Vi\u1ec7t Nam Gi\u00e1 th\u00e0nh ph\u00f9 h\u1ee3p cho t\u1eebng gia \u0111\u00ecnh vi\u1ec7t B\u1ea3o m\u1eadt cao t\u1eeb c\u00f4ng ngh\u1ec7 Australia T\u01b0\u01a1ng th\u00edch v\u00e0 t\u00edch h\u1ee3p ho\u00e0n h\u1ea3o cho smarthome&hellip; <a class=\"more-link\" href=\"https:\/\/smvlock.com\/\">Continue reading <span class=\"screen-reader-text\">Trang ch\u1ee7<\/span><\/a><\/p>\n","protected":false},"author":1,"featured_media":0,"parent":0,"menu_order":0,"comment_status":"closed","ping_status":"closed","template":"elementor_header_footer","meta":{"footnotes":""},"class_list":["post-1598","page","type-page","status-publish","hentry","entry"],"_links":{"self":[{"href":"https:\/\/smvlock.com\/index.php?rest_route=\/wp\/v2\/pages\/1598","targetHints":{"allow":["GET"]}}],"collection":[{"href":"https:\/\/smvlock.com\/index.php?rest_route=\/wp\/v2\/pages"}],"about":[{"href":"https:\/\/smvlock.com\/index.php?rest_route=\/wp\/v2\/types\/page"}],"author":[{"embeddable":true,"href":"https:\/\/smvlock.com\/index.php?rest_route=\/wp\/v2\/users\/1"}],"replies":[{"embeddable":true,"href":"https:\/\/smvlock.com\/index.php?rest_route=%2Fwp%2Fv2%2Fcomments&post=1598"}],"version-history":[{"count":110,"href":"https:\/\/smvlock.com\/index.php?rest_route=\/wp\/v2\/pages\/1598\/revisions"}],"predecessor-version":[{"id":2060,"href":"https:\/\/smvlock.com\/index.php?rest_route=\/wp\/v2\/pages\/1598\/revisions\/2060"}],"wp:attachment":[{"href":"https:\/\/smvlock.com\/index.php?rest_route=%2Fwp%2Fv2%2Fmedia&parent=1598"}],"curies":[{"name":"wp","href":"https:\/\/api.w.org\/{rel}","templated":true}]}}