{"id":1625,"date":"2023-04-22T05:23:15","date_gmt":"2023-04-22T05:23:15","guid":{"rendered":"https:\/\/smvlock.com\/?page_id=1625"},"modified":"2023-12-16T02:25:10","modified_gmt":"2023-12-16T02:25:10","slug":"lien-he","status":"publish","type":"page","link":"https:\/\/smvlock.com\/?page_id=1625","title":{"rendered":"Li\u00ean h\u1ec7"},"content":{"rendered":"<p><strong>Tr\u1ee5 s\u1edf ch\u00ednh:<\/strong> To\u00e0 nh\u00e0 Licogi13, S\u1ed1 164 Khu\u1ea5t Duy Ti\u1ebfn, Q.Thanh Xu\u00e2n, H\u00e0 N\u1ed9i<br \/><strong>Chi nh\u00e1nh \u0110\u00e0 N\u1eb5ng:<\/strong> Chung c\u01b0 Ho\u00e0ng Anh Gia Lai, S\u1ed1 72 H\u00e0m Nghi, Ph\u01b0\u1eddng Th\u1ea1c Gi\u00e1n, Qu\u1eadn Thanh Kh\u00ea, \u0110\u00e0 N\u1eb5ng.<br \/><strong>Chi nh\u00e1nh H\u1ed3 Ch\u00ed Minh:<\/strong> Khu d\u00e2n c\u01b0 Ph\u01b0\u1edbc Ki\u1ec3n A, Nh\u00e0 B\u00e8, Th\u00e0nh ph\u1ed1 H\u1ed3 Ch\u00ed Minh<br \/><strong>Hotline:<\/strong> 0346016555<\/p>\n","protected":false},"excerpt":{"rendered":"<p>Tr\u1ee5 s\u1edf ch\u00ednh: To\u00e0 nh\u00e0 Licogi13, S\u1ed1 164 Khu\u1ea5t Duy Ti\u1ebfn, Q.Thanh Xu\u00e2n, H\u00e0 N\u1ed9iChi nh\u00e1nh \u0110\u00e0 N\u1eb5ng: Chung c\u01b0 Ho\u00e0ng Anh Gia Lai, S\u1ed1 72 H\u00e0m Nghi, Ph\u01b0\u1eddng Th\u1ea1c Gi\u00e1n, Qu\u1eadn Thanh Kh\u00ea, \u0110\u00e0 N\u1eb5ng.Chi nh\u00e1nh H\u1ed3 Ch\u00ed Minh: Khu d\u00e2n c\u01b0 Ph\u01b0\u1edbc Ki\u1ec3n A, Nh\u00e0 B\u00e8, Th\u00e0nh ph\u1ed1 H\u1ed3 Ch\u00ed MinhHotline: 0346016555<\/p>\n","protected":false},"author":1,"featured_media":0,"parent":0,"menu_order":0,"comment_status":"closed","ping_status":"closed","template":"elementor_header_footer","meta":{"footnotes":""},"class_list":["post-1625","page","type-page","status-publish","hentry","entry"],"_links":{"self":[{"href":"https:\/\/smvlock.com\/index.php?rest_route=\/wp\/v2\/pages\/1625","targetHints":{"allow":["GET"]}}],"collection":[{"href":"https:\/\/smvlock.com\/index.php?rest_route=\/wp\/v2\/pages"}],"about":[{"href":"https:\/\/smvlock.com\/index.php?rest_route=\/wp\/v2\/types\/page"}],"author":[{"embeddable":true,"href":"https:\/\/smvlock.com\/index.php?rest_route=\/wp\/v2\/users\/1"}],"replies":[{"embeddable":true,"href":"https:\/\/smvlock.com\/index.php?rest_route=%2Fwp%2Fv2%2Fcomments&post=1625"}],"version-history":[{"count":13,"href":"https:\/\/smvlock.com\/index.php?rest_route=\/wp\/v2\/pages\/1625\/revisions"}],"predecessor-version":[{"id":2085,"href":"https:\/\/smvlock.com\/index.php?rest_route=\/wp\/v2\/pages\/1625\/revisions\/2085"}],"wp:attachment":[{"href":"https:\/\/smvlock.com\/index.php?rest_route=%2Fwp%2Fv2%2Fmedia&parent=1625"}],"curies":[{"name":"wp","href":"https:\/\/api.w.org\/{rel}","templated":true}]}}