{"id":1831,"date":"2023-04-24T07:39:03","date_gmt":"2023-04-24T07:39:03","guid":{"rendered":"https:\/\/smvlock.com\/?page_id=1831"},"modified":"2023-12-16T02:24:22","modified_gmt":"2023-12-16T02:24:22","slug":"gioi-thieu-chung","status":"publish","type":"page","link":"https:\/\/smvlock.com\/?page_id=1831","title":{"rendered":"Gi\u1edbi thi\u1ec7u chung"},"content":{"rendered":"<style>\/*! elementor - v3.12.1 - 02-04-2023 *\/\n.elementor-widget-image{text-align:center}.elementor-widget-image a{display:inline-block}.elementor-widget-image a img[src$=\".svg\"]{width:48px}.elementor-widget-image img{vertical-align:middle;display:inline-block}<\/style>\n<p>\t\t\t\t\t\t\t\t\t\t\t\t<img decoding=\"async\" width=\"450\" height=\"450\" src=\"https:\/\/smvlock.com\/wp-content\/uploads\/2023\/05\/3-1.jpg\" alt=\"\" loading=\"lazy\" srcset=\"https:\/\/smvlock.com\/wp-content\/uploads\/2023\/05\/3-1.jpg 450w, https:\/\/smvlock.com\/wp-content\/uploads\/2023\/05\/3-1-300x300.jpg 300w, https:\/\/smvlock.com\/wp-content\/uploads\/2023\/05\/3-1-150x150.jpg 150w, https:\/\/smvlock.com\/wp-content\/uploads\/2023\/05\/3-1-100x100.jpg 100w\" sizes=\"auto, (max-width: 450px) 100vw, 450px\" \/>\t\t\t\t\t\t\t\t\t\t\t\t\t\t\t<\/p>\n<style>\/*! elementor - v3.12.1 - 02-04-2023 *\/\n.elementor-heading-title{padding:0;margin:0;line-height:1}.elementor-widget-heading .elementor-heading-title[class*=elementor-size-]>a{color:inherit;font-size:inherit;line-height:inherit}.elementor-widget-heading .elementor-heading-title.elementor-size-small{font-size:15px}.elementor-widget-heading .elementor-heading-title.elementor-size-medium{font-size:19px}.elementor-widget-heading .elementor-heading-title.elementor-size-large{font-size:29px}.elementor-widget-heading .elementor-heading-title.elementor-size-xl{font-size:39px}.elementor-widget-heading .elementor-heading-title.elementor-size-xxl{font-size:59px}<\/style>\n<h2>Gi\u1edbi thi\u1ec7u SMV Smart Lock<\/h2>\n<p><strong>SMVLock<\/strong>\u00a0\u2013 Th\u01b0\u01a1ng hi\u1ec7u kh\u00f3a th\u00f4ng minh\/\u0111i\u1ec7n t\u1eed c\u1ee7a Australia do C\u00f4ng ty ch\u00fang t\u00f4i \u0111\u1ed9c quy\u1ec1n ph\u00e2n ph\u1ed1i t\u1ea1i \u0110\u00f4ng Nam \u00c1.\u00a0<br \/>\u0110\u01b0\u1ee3c th\u00e0nh l\u1eadp n\u0103m 2009 v\u1edbi h\u01a1n 13 n\u0103m kinh nghi\u1ec7m, ch\u00fang t\u00f4i hi\u1ec3u \u0111\u01b0\u1ee3c nhu c\u1ea7u \u0111\u1ea3m b\u1ea3o s\u1ef1 an to\u00e0n ng\u00e0y c\u00e0ng cao c\u1ee7a Qu\u00fd kh\u00e1ch h\u00e0ng \u0111\u1ed1i v\u1edbi t\u1eebng ng\u00f4i nh\u00e0 Vi\u1ec7t, tr\u00ean c\u01a1 s\u1edf \u0111\u00f3 ch\u00fang t\u00f4i chuy\u00ean cung c\u1ea5p c\u00e1c s\u1ea3n ph\u1ea9m, gi\u1ea3i ph\u00e1p c\u00f4ng ngh\u1ec7 c\u00f3 \u0111\u1ed9 b\u1ea3o m\u1eadt cao v\u00e0 hi\u1ec7n \u0111\u1ea1i nh\u1ea5t \u0111\u1ebfn t\u1eebng kh\u00e1ch h\u00e0ng.<br \/>\u2022 Kh\u00f3a m\u00e3 s\u1ed1, Kh\u00f3a v\u00e2n tay, Kh\u00f3a th\u1ebb c\u1ea3m \u1ee9ng kh\u00e1ch s\u1ea1n &#8230;<br \/>\u2022 Chu\u00f4ng c\u1eeda m\u00e0n h\u00ecnh, Intercom cho t\u00f2a nh\u00e0<br \/>\u2022 Nh\u00e0 th\u00f4ng minh, T\u00f2a nh\u00e0 th\u00f4ng minh<\/p>\n<style>\/*! elementor - v3.12.1 - 02-04-2023 *\/\n.elementor-widget-divider{--divider-border-style:none;--divider-border-width:1px;--divider-color:#0c0d0e;--divider-icon-size:20px;--divider-element-spacing:10px;--divider-pattern-height:24px;--divider-pattern-size:20px;--divider-pattern-url:none;--divider-pattern-repeat:repeat-x}.elementor-widget-divider .elementor-divider{display:flex}.elementor-widget-divider .elementor-divider__text{font-size:15px;line-height:1;max-width:95%}.elementor-widget-divider .elementor-divider__element{margin:0 var(--divider-element-spacing);flex-shrink:0}.elementor-widget-divider .elementor-icon{font-size:var(--divider-icon-size)}.elementor-widget-divider .elementor-divider-separator{display:flex;margin:0;direction:ltr}.elementor-widget-divider--view-line_icon .elementor-divider-separator,.elementor-widget-divider--view-line_text .elementor-divider-separator{align-items:center}.elementor-widget-divider--view-line_icon .elementor-divider-separator:after,.elementor-widget-divider--view-line_icon .elementor-divider-separator:before,.elementor-widget-divider--view-line_text .elementor-divider-separator:after,.elementor-widget-divider--view-line_text .elementor-divider-separator:before{display:block;content:\"\";border-bottom:0;flex-grow:1;border-top:var(--divider-border-width) var(--divider-border-style) var(--divider-color)}.elementor-widget-divider--element-align-left .elementor-divider .elementor-divider-separator>.elementor-divider__svg:first-of-type{flex-grow:0;flex-shrink:100}.elementor-widget-divider--element-align-left .elementor-divider-separator:before{content:none}.elementor-widget-divider--element-align-left .elementor-divider__element{margin-left:0}.elementor-widget-divider--element-align-right .elementor-divider .elementor-divider-separator>.elementor-divider__svg:last-of-type{flex-grow:0;flex-shrink:100}.elementor-widget-divider--element-align-right .elementor-divider-separator:after{content:none}.elementor-widget-divider--element-align-right .elementor-divider__element{margin-right:0}.elementor-widget-divider:not(.elementor-widget-divider--view-line_text):not(.elementor-widget-divider--view-line_icon) .elementor-divider-separator{border-top:var(--divider-border-width) var(--divider-border-style) var(--divider-color)}.elementor-widget-divider--separator-type-pattern{--divider-border-style:none}.elementor-widget-divider--separator-type-pattern.elementor-widget-divider--view-line .elementor-divider-separator,.elementor-widget-divider--separator-type-pattern:not(.elementor-widget-divider--view-line) .elementor-divider-separator:after,.elementor-widget-divider--separator-type-pattern:not(.elementor-widget-divider--view-line) .elementor-divider-separator:before,.elementor-widget-divider--separator-type-pattern:not([class*=elementor-widget-divider--view]) .elementor-divider-separator{width:100%;min-height:var(--divider-pattern-height);-webkit-mask-size:var(--divider-pattern-size) 100%;mask-size:var(--divider-pattern-size) 100%;-webkit-mask-repeat:var(--divider-pattern-repeat);mask-repeat:var(--divider-pattern-repeat);background-color:var(--divider-color);-webkit-mask-image:var(--divider-pattern-url);mask-image:var(--divider-pattern-url)}.elementor-widget-divider--no-spacing{--divider-pattern-size:auto}.elementor-widget-divider--bg-round{--divider-pattern-repeat:round}.rtl .elementor-widget-divider .elementor-divider__text{direction:rtl}.e-con-inner>.elementor-widget-divider,.e-con>.elementor-widget-divider{width:var(--container-widget-width,100%);--flex-grow:var(--container-widget-flex-grow)}<\/style>\n<p>\t\t\t\t\t\t\t\t\t\t\t\t\t\t\t<img decoding=\"async\" width=\"400\" height=\"600\" src=\"https:\/\/smvlock.com\/wp-content\/uploads\/2023\/04\/tn_6c578da68244417a9b7a12c64ab68b65_grande.webp\" alt=\"\" loading=\"lazy\" srcset=\"https:\/\/smvlock.com\/wp-content\/uploads\/2023\/04\/tn_6c578da68244417a9b7a12c64ab68b65_grande.webp 400w, https:\/\/smvlock.com\/wp-content\/uploads\/2023\/04\/tn_6c578da68244417a9b7a12c64ab68b65_grande-200x300.webp 200w\" sizes=\"auto, (max-width: 400px) 100vw, 400px\" \/><br \/>\n\t\t\t\t\t\t\t\t\t\t\t\t\t\t\t<img decoding=\"async\" width=\"400\" height=\"600\" src=\"https:\/\/smvlock.com\/wp-content\/uploads\/2023\/04\/su_menh_0025989e14fa44c5baf637a05c22fb9a_grande.webp\" alt=\"\" loading=\"lazy\" srcset=\"https:\/\/smvlock.com\/wp-content\/uploads\/2023\/04\/su_menh_0025989e14fa44c5baf637a05c22fb9a_grande.webp 400w, https:\/\/smvlock.com\/wp-content\/uploads\/2023\/04\/su_menh_0025989e14fa44c5baf637a05c22fb9a_grande-200x300.webp 200w\" sizes=\"auto, (max-width: 400px) 100vw, 400px\" \/><br \/>\n\t\t\t\t\t\t\t\t\t\t\t\t\t\t\t<img decoding=\"async\" width=\"400\" height=\"600\" src=\"https:\/\/smvlock.com\/wp-content\/uploads\/2023\/04\/gia_tri_cot_loi_06f2aeaf3170462a844e782c8bd46993_grande.webp\" alt=\"\" loading=\"lazy\" srcset=\"https:\/\/smvlock.com\/wp-content\/uploads\/2023\/04\/gia_tri_cot_loi_06f2aeaf3170462a844e782c8bd46993_grande.webp 400w, https:\/\/smvlock.com\/wp-content\/uploads\/2023\/04\/gia_tri_cot_loi_06f2aeaf3170462a844e782c8bd46993_grande-200x300.webp 200w\" sizes=\"auto, (max-width: 400px) 100vw, 400px\" \/><br \/>\n\t\t\t\t\t\t\t\t\t\t\t\t\t\t\t<img decoding=\"async\" width=\"400\" height=\"600\" src=\"https:\/\/smvlock.com\/wp-content\/uploads\/2023\/04\/triet_ly_kinh_doanh_00d93df2d4c5478b8bfb0bdf0a8011dc_grande.webp\" alt=\"\" loading=\"lazy\" srcset=\"https:\/\/smvlock.com\/wp-content\/uploads\/2023\/04\/triet_ly_kinh_doanh_00d93df2d4c5478b8bfb0bdf0a8011dc_grande.webp 400w, https:\/\/smvlock.com\/wp-content\/uploads\/2023\/04\/triet_ly_kinh_doanh_00d93df2d4c5478b8bfb0bdf0a8011dc_grande-200x300.webp 200w\" sizes=\"auto, (max-width: 400px) 100vw, 400px\" \/><\/p>\n","protected":false},"excerpt":{"rendered":"<p>Gi\u1edbi thi\u1ec7u SMV Smart Lock SMVLock\u00a0\u2013 Th\u01b0\u01a1ng hi\u1ec7u kh\u00f3a th\u00f4ng minh\/\u0111i\u1ec7n t\u1eed c\u1ee7a Australia do C\u00f4ng ty ch\u00fang t\u00f4i \u0111\u1ed9c quy\u1ec1n ph\u00e2n ph\u1ed1i t\u1ea1i \u0110\u00f4ng Nam \u00c1.\u00a0\u0110\u01b0\u1ee3c th\u00e0nh l\u1eadp n\u0103m 2009 v\u1edbi h\u01a1n 13 n\u0103m kinh nghi\u1ec7m, ch\u00fang t\u00f4i hi\u1ec3u \u0111\u01b0\u1ee3c nhu c\u1ea7u \u0111\u1ea3m b\u1ea3o s\u1ef1 an to\u00e0n ng\u00e0y c\u00e0ng cao c\u1ee7a Qu\u00fd kh\u00e1ch h\u00e0ng&hellip; <a class=\"more-link\" href=\"https:\/\/smvlock.com\/?page_id=1831\">Continue reading <span class=\"screen-reader-text\">Gi\u1edbi thi\u1ec7u chung<\/span><\/a><\/p>\n","protected":false},"author":1,"featured_media":0,"parent":0,"menu_order":0,"comment_status":"closed","ping_status":"closed","template":"elementor_header_footer","meta":{"footnotes":""},"class_list":["post-1831","page","type-page","status-publish","hentry","entry"],"_links":{"self":[{"href":"https:\/\/smvlock.com\/index.php?rest_route=\/wp\/v2\/pages\/1831","targetHints":{"allow":["GET"]}}],"collection":[{"href":"https:\/\/smvlock.com\/index.php?rest_route=\/wp\/v2\/pages"}],"about":[{"href":"https:\/\/smvlock.com\/index.php?rest_route=\/wp\/v2\/types\/page"}],"author":[{"embeddable":true,"href":"https:\/\/smvlock.com\/index.php?rest_route=\/wp\/v2\/users\/1"}],"replies":[{"embeddable":true,"href":"https:\/\/smvlock.com\/index.php?rest_route=%2Fwp%2Fv2%2Fcomments&post=1831"}],"version-history":[{"count":10,"href":"https:\/\/smvlock.com\/index.php?rest_route=\/wp\/v2\/pages\/1831\/revisions"}],"predecessor-version":[{"id":2082,"href":"https:\/\/smvlock.com\/index.php?rest_route=\/wp\/v2\/pages\/1831\/revisions\/2082"}],"wp:attachment":[{"href":"https:\/\/smvlock.com\/index.php?rest_route=%2Fwp%2Fv2%2Fmedia&parent=1831"}],"curies":[{"name":"wp","href":"https:\/\/api.w.org\/{rel}","templated":true}]}}